{"id":272,"date":"2021-06-19T13:39:01","date_gmt":"2021-06-19T11:39:01","guid":{"rendered":"http:\/\/www.villa-dijana.com\/kontakt\/"},"modified":"2021-07-08T15:47:43","modified_gmt":"2021-07-08T13:47:43","slug":"contact","status":"publish","type":"page","link":"https:\/\/www.villa-dijana.com\/en\/contact\/","title":{"rendered":"Contact"},"content":{"rendered":"\n<div class=\"wp-block-columns is-layout-flex wp-container-core-columns-is-layout-9d6595d7 wp-block-columns-is-layout-flex\">\n<div class=\"wp-block-column is-layout-flow wp-block-column-is-layout-flow\" style=\"flex-basis:66.66%\">\n<h2 class=\"wp-block-heading\">Contact web form<\/h2>\n\n\n\n<div class=\"wpcf7 no-js\" id=\"wpcf7-f287-o1\" lang=\"hr\" dir=\"ltr\" data-wpcf7-id=\"287\">\n<div class=\"screen-reader-response\"><p role=\"status\" aria-live=\"polite\" aria-atomic=\"true\"><\/p> <ul><\/ul><\/div>\n<form action=\"\/en\/wp-json\/wp\/v2\/pages\/272#wpcf7-f287-o1\" method=\"post\" class=\"wpcf7-form init\" aria-label=\"Kontakt obrazac\" novalidate=\"novalidate\" data-status=\"init\">\n<div style=\"display: none;\">\n<input type=\"hidden\" name=\"_wpcf7\" value=\"287\" \/>\n<input type=\"hidden\" name=\"_wpcf7_version\" value=\"6.0.6\" \/>\n<input type=\"hidden\" name=\"_wpcf7_locale\" value=\"hr\" \/>\n<input type=\"hidden\" name=\"_wpcf7_unit_tag\" value=\"wpcf7-f287-o1\" \/>\n<input type=\"hidden\" name=\"_wpcf7_container_post\" value=\"0\" \/>\n<input type=\"hidden\" name=\"_wpcf7_posted_data_hash\" value=\"\" \/>\n<\/div>\n<div class=\"row\">\n\t<div class=\"col-sm-12\">\n\t\t<p><span class=\"wpcf7-form-control-wrap\" data-name=\"your-name\"><input size=\"40\" maxlength=\"400\" class=\"wpcf7-form-control wpcf7-text wpcf7-validates-as-required\" aria-required=\"true\" aria-invalid=\"false\" placeholder=\"Your name *\" value=\"\" type=\"text\" name=\"your-name\" \/><\/span>\n\t\t<\/p>\n\t<\/div>\n\t<div class=\"col-sm-12\">\n\t\t<p><span class=\"wpcf7-form-control-wrap\" data-name=\"your-email\"><input size=\"40\" maxlength=\"400\" class=\"wpcf7-form-control wpcf7-email wpcf7-validates-as-required wpcf7-text wpcf7-validates-as-email\" aria-required=\"true\" aria-invalid=\"false\" placeholder=\"Your e-mail *\" value=\"\" type=\"email\" name=\"your-email\" \/><\/span>\n\t\t<\/p>\n\t<\/div>\n\t<div class=\"col-sm-12\">\n\t\t<p><span class=\"wpcf7-form-control-wrap\" data-name=\"your-phone\"><input size=\"40\" maxlength=\"400\" class=\"wpcf7-form-control wpcf7-text wpcf7-validates-as-required\" aria-required=\"true\" aria-invalid=\"false\" placeholder=\"Your phone \/ mobile *\" value=\"\" type=\"text\" name=\"your-phone\" \/><\/span>\n\t\t<\/p>\n\t<\/div>\n<\/div>\n<div class=\"row\">\n\t<div class=\"col-sm-12\">\n\t\t<p><span class=\"wpcf7-form-control-wrap\" data-name=\"your-message\"><textarea cols=\"40\" rows=\"10\" maxlength=\"2000\" class=\"wpcf7-form-control wpcf7-textarea\" aria-invalid=\"false\" placeholder=\"Your message \/ reservation\" name=\"your-message\"><\/textarea><\/span>\n\t\t<\/p>\n\t\t<p>Mandatory fill in the fields marked with (*)\n\t\t<\/p>\n\t\t<p style=\"margin-top: 30px;\"><input class=\"wpcf7-form-control wpcf7-submit has-spinner\" type=\"submit\" value=\"SEND A MESSAGE...\" \/>\n\t\t<\/p>\n\t<\/div>\n<\/div><div class=\"wpcf7-response-output\" aria-hidden=\"true\"><\/div>\n<\/form>\n<\/div>\n\n<\/div>\n\n\n\n<div class=\"wp-block-column is-layout-flow wp-block-column-is-layout-flow\" style=\"flex-basis:33.33%\">\n<div style=\"height:45px\" aria-hidden=\"true\" class=\"wp-block-spacer\"><\/div>\n\n\n\n<figure class=\"wp-block-image size-large\"><img loading=\"lazy\" decoding=\"async\" width=\"182\" height=\"72\" src=\"http:\/\/www.villa-dijana.com\/wp-content\/uploads\/2021\/06\/logo-villa-dijana.png\" alt=\"\" class=\"wp-image-159\"\/><\/figure>\n\n\n\n<div style=\"height:10px\" aria-hidden=\"true\" class=\"wp-block-spacer\"><\/div>\n\n\n\n<p>Villa Dijana &#8211; Ba\u0161ka Voda<br>Jure Ka\u0161telana 5, 21320 Ba\u0161ka Voda, Croatia<br>Phone: <a href=\"tel:385992972176\">+385 99 297 2176<\/a><br>E-mail: <a href=\"mailto:info@villa-dijana.com\">info@villa-dijana.com<\/a><\/p>\n<\/div>\n<\/div>\n","protected":false},"excerpt":{"rendered":"<p>Contact web form Villa Dijana &#8211; Ba\u0161ka VodaJure Ka\u0161telana 5, 21320 Ba\u0161ka Voda, CroatiaPhone: +385 99 297 2176E-mail: info@villa-dijana.com<\/p>\n","protected":false},"author":1,"featured_media":0,"parent":0,"menu_order":0,"comment_status":"closed","ping_status":"closed","template":"","meta":{"_acf_changed":false,"footnotes":""},"class_list":["post-272","page","type-page","status-publish","hentry"],"acf":[],"yoast_head":"<!-- This site is optimized with the Yoast SEO plugin v25.2 - https:\/\/yoast.com\/wordpress\/plugins\/seo\/ -->\r\n<title>Contact - Villa Dijana - Ba\u0161ka Voda<\/title>\r\n<meta name=\"robots\" content=\"index, follow, max-snippet:-1, max-image-preview:large, max-video-preview:-1\" \/>\r\n<link rel=\"canonical\" href=\"https:\/\/www.villa-dijana.com\/en\/contact\/\" \/>\r\n<meta property=\"og:locale\" content=\"en_US\" \/>\r\n<meta property=\"og:type\" content=\"article\" \/>\r\n<meta property=\"og:title\" content=\"Contact - Villa Dijana - Ba\u0161ka Voda\" \/>\r\n<meta property=\"og:description\" content=\"Contact web form Villa Dijana &#8211; Ba\u0161ka VodaJure Ka\u0161telana 5, 21320 Ba\u0161ka Voda, CroatiaPhone: +385 99 297 2176E-mail: info@villa-dijana.com\" \/>\r\n<meta property=\"og:url\" content=\"https:\/\/www.villa-dijana.com\/en\/contact\/\" \/>\r\n<meta property=\"og:site_name\" content=\"Villa Dijana - Ba\u0161ka Voda\" \/>\r\n<meta property=\"article:modified_time\" content=\"2021-07-08T13:47:43+00:00\" \/>\r\n<meta property=\"og:image\" content=\"http:\/\/www.villa-dijana.com\/wp-content\/uploads\/2021\/06\/logo-villa-dijana.png\" \/>\r\n<meta name=\"twitter:card\" content=\"summary_large_image\" \/>\r\n<script type=\"application\/ld+json\" class=\"yoast-schema-graph\">{\"@context\":\"https:\/\/schema.org\",\"@graph\":[{\"@type\":\"WebPage\",\"@id\":\"https:\/\/www.villa-dijana.com\/en\/contact\/\",\"url\":\"https:\/\/www.villa-dijana.com\/en\/contact\/\",\"name\":\"Contact - Villa Dijana - Ba\u0161ka Voda\",\"isPartOf\":{\"@id\":\"https:\/\/www.villa-dijana.com\/#website\"},\"primaryImageOfPage\":{\"@id\":\"https:\/\/www.villa-dijana.com\/en\/contact\/#primaryimage\"},\"image\":{\"@id\":\"https:\/\/www.villa-dijana.com\/en\/contact\/#primaryimage\"},\"thumbnailUrl\":\"http:\/\/www.villa-dijana.com\/wp-content\/uploads\/2021\/06\/logo-villa-dijana.png\",\"datePublished\":\"2021-06-19T11:39:01+00:00\",\"dateModified\":\"2021-07-08T13:47:43+00:00\",\"breadcrumb\":{\"@id\":\"https:\/\/www.villa-dijana.com\/en\/contact\/#breadcrumb\"},\"inLanguage\":\"en-US\",\"potentialAction\":[{\"@type\":\"ReadAction\",\"target\":[\"https:\/\/www.villa-dijana.com\/en\/contact\/\"]}]},{\"@type\":\"ImageObject\",\"inLanguage\":\"en-US\",\"@id\":\"https:\/\/www.villa-dijana.com\/en\/contact\/#primaryimage\",\"url\":\"http:\/\/www.villa-dijana.com\/wp-content\/uploads\/2021\/06\/logo-villa-dijana.png\",\"contentUrl\":\"http:\/\/www.villa-dijana.com\/wp-content\/uploads\/2021\/06\/logo-villa-dijana.png\"},{\"@type\":\"BreadcrumbList\",\"@id\":\"https:\/\/www.villa-dijana.com\/en\/contact\/#breadcrumb\",\"itemListElement\":[{\"@type\":\"ListItem\",\"position\":1,\"name\":\"Po\u010detna stranica\",\"item\":\"https:\/\/www.villa-dijana.com\/\"},{\"@type\":\"ListItem\",\"position\":2,\"name\":\"Contact\"}]},{\"@type\":\"WebSite\",\"@id\":\"https:\/\/www.villa-dijana.com\/#website\",\"url\":\"https:\/\/www.villa-dijana.com\/\",\"name\":\"Villa Dijana - Ba\u0161ka Voda\",\"description\":\"Odmor koji se pamti\",\"potentialAction\":[{\"@type\":\"SearchAction\",\"target\":{\"@type\":\"EntryPoint\",\"urlTemplate\":\"https:\/\/www.villa-dijana.com\/?s={search_term_string}\"},\"query-input\":{\"@type\":\"PropertyValueSpecification\",\"valueRequired\":true,\"valueName\":\"search_term_string\"}}],\"inLanguage\":\"en-US\"}]}<\/script>\r\n<!-- \/ Yoast SEO plugin. -->","yoast_head_json":{"title":"Contact - Villa Dijana - Ba\u0161ka Voda","robots":{"index":"index","follow":"follow","max-snippet":"max-snippet:-1","max-image-preview":"max-image-preview:large","max-video-preview":"max-video-preview:-1"},"canonical":"https:\/\/www.villa-dijana.com\/en\/contact\/","og_locale":"en_US","og_type":"article","og_title":"Contact - Villa Dijana - Ba\u0161ka Voda","og_description":"Contact web form Villa Dijana &#8211; Ba\u0161ka VodaJure Ka\u0161telana 5, 21320 Ba\u0161ka Voda, CroatiaPhone: +385 99 297 2176E-mail: info@villa-dijana.com","og_url":"https:\/\/www.villa-dijana.com\/en\/contact\/","og_site_name":"Villa Dijana - Ba\u0161ka Voda","article_modified_time":"2021-07-08T13:47:43+00:00","og_image":[{"url":"http:\/\/www.villa-dijana.com\/wp-content\/uploads\/2021\/06\/logo-villa-dijana.png","type":"","width":"","height":""}],"twitter_card":"summary_large_image","schema":{"@context":"https:\/\/schema.org","@graph":[{"@type":"WebPage","@id":"https:\/\/www.villa-dijana.com\/en\/contact\/","url":"https:\/\/www.villa-dijana.com\/en\/contact\/","name":"Contact - Villa Dijana - Ba\u0161ka Voda","isPartOf":{"@id":"https:\/\/www.villa-dijana.com\/#website"},"primaryImageOfPage":{"@id":"https:\/\/www.villa-dijana.com\/en\/contact\/#primaryimage"},"image":{"@id":"https:\/\/www.villa-dijana.com\/en\/contact\/#primaryimage"},"thumbnailUrl":"http:\/\/www.villa-dijana.com\/wp-content\/uploads\/2021\/06\/logo-villa-dijana.png","datePublished":"2021-06-19T11:39:01+00:00","dateModified":"2021-07-08T13:47:43+00:00","breadcrumb":{"@id":"https:\/\/www.villa-dijana.com\/en\/contact\/#breadcrumb"},"inLanguage":"en-US","potentialAction":[{"@type":"ReadAction","target":["https:\/\/www.villa-dijana.com\/en\/contact\/"]}]},{"@type":"ImageObject","inLanguage":"en-US","@id":"https:\/\/www.villa-dijana.com\/en\/contact\/#primaryimage","url":"http:\/\/www.villa-dijana.com\/wp-content\/uploads\/2021\/06\/logo-villa-dijana.png","contentUrl":"http:\/\/www.villa-dijana.com\/wp-content\/uploads\/2021\/06\/logo-villa-dijana.png"},{"@type":"BreadcrumbList","@id":"https:\/\/www.villa-dijana.com\/en\/contact\/#breadcrumb","itemListElement":[{"@type":"ListItem","position":1,"name":"Po\u010detna stranica","item":"https:\/\/www.villa-dijana.com\/"},{"@type":"ListItem","position":2,"name":"Contact"}]},{"@type":"WebSite","@id":"https:\/\/www.villa-dijana.com\/#website","url":"https:\/\/www.villa-dijana.com\/","name":"Villa Dijana - Ba\u0161ka Voda","description":"Odmor koji se pamti","potentialAction":[{"@type":"SearchAction","target":{"@type":"EntryPoint","urlTemplate":"https:\/\/www.villa-dijana.com\/?s={search_term_string}"},"query-input":{"@type":"PropertyValueSpecification","valueRequired":true,"valueName":"search_term_string"}}],"inLanguage":"en-US"}]}},"_links":{"self":[{"href":"https:\/\/www.villa-dijana.com\/en\/wp-json\/wp\/v2\/pages\/272","targetHints":{"allow":["GET"]}}],"collection":[{"href":"https:\/\/www.villa-dijana.com\/en\/wp-json\/wp\/v2\/pages"}],"about":[{"href":"https:\/\/www.villa-dijana.com\/en\/wp-json\/wp\/v2\/types\/page"}],"author":[{"embeddable":true,"href":"https:\/\/www.villa-dijana.com\/en\/wp-json\/wp\/v2\/users\/1"}],"replies":[{"embeddable":true,"href":"https:\/\/www.villa-dijana.com\/en\/wp-json\/wp\/v2\/comments?post=272"}],"version-history":[{"count":2,"href":"https:\/\/www.villa-dijana.com\/en\/wp-json\/wp\/v2\/pages\/272\/revisions"}],"predecessor-version":[{"id":288,"href":"https:\/\/www.villa-dijana.com\/en\/wp-json\/wp\/v2\/pages\/272\/revisions\/288"}],"wp:attachment":[{"href":"https:\/\/www.villa-dijana.com\/en\/wp-json\/wp\/v2\/media?parent=272"}],"curies":[{"name":"wp","href":"https:\/\/api.w.org\/{rel}","templated":true}]}}